{"id":295,"date":"2015-12-15T16:17:13","date_gmt":"2015-12-15T14:17:13","guid":{"rendered":"http:\/\/stw-engler.ch\/?page_id=295"},"modified":"2016-04-09T18:07:42","modified_gmt":"2016-04-09T16:07:42","slug":"punktschweissen","status":"publish","type":"page","link":"https:\/\/stw-engler.ch\/?page_id=295","title":{"rendered":"Punktschweissen"},"content":{"rendered":"<p><a href=\"http:\/\/stw-engler.ch\/wp-content\/uploads\/2014\/06\/logo.jpg\" rel=\"attachment wp-att-11\"><img decoding=\"async\" loading=\"lazy\" class=\"size-full wp-image-11 alignleft\" src=\"http:\/\/stw-engler.ch\/wp-content\/uploads\/2014\/06\/logo.jpg\" alt=\"logo\" width=\"202\" height=\"202\" srcset=\"https:\/\/stw-engler.ch\/wp-content\/uploads\/2014\/06\/logo.jpg 202w, https:\/\/stw-engler.ch\/wp-content\/uploads\/2014\/06\/logo-150x150.jpg 150w\" sizes=\"(max-width: 202px) 100vw, 202px\" \/><\/a><\/p>\n<p>&nbsp;<\/p>\n<p>&nbsp;<\/p>\n<p>&nbsp;<\/p>\n<p>&nbsp;<\/p>\n<p>&nbsp;<\/p>\n<p>Punktschweissen<\/p>\n<p>Das Punktschweissen geh\u00f6rt zu den Verfahren des Widerstandsschweissens und ist eine Methode, bei dem kein Schutzgas zugef\u00fchrt werden muss. Die zu verbindenden Werkst\u00fccke werden im ersten Arbeitsschritt passgenau \u00fcbereinandergelegt. Zwei Elektroden pressen die beiden Werkst\u00fccke mechanisch zusammen und fixieren so die zu verschwei\u00dfenden Teile. Durch die Zuf\u00fchrung einer starken Spannung wird ein Stromfluss zwischen beiden Elektroden erzeugt.<\/p>\n<p>Die Werkst\u00fccke stellen f\u00fcr den flie\u00dfenden Strom einen Widerstand dar. Dadurch erhitzt sich das Metall punktuell sehr stark und verfl\u00fcssigt sich. Durch den mechanischen Druck der Elektroden verschmelzen beide Werkst\u00fccke miteinander und sind nach dem Abk\u00fchlen untrennbar miteinander verbunden.<\/p>\n<p>Um die Werkst\u00fccke mittels Punktschweissen miteinander zu verbinden m\u00fcssen sie pr\u00e4zise zueinander ausgerichtet werden, da eine Korrektur nach dem Verschweissen nicht mehr ohne Weiteres m\u00f6glich ist.<\/p>\n<p>Zum Verschweissen der Werkst\u00fccke werden passende Elektroden ausgew\u00e4hlt. Diese bestehen meist aus Kupferlegierungen mit Anteilen von Wolfram und Molybd\u00e4n, die den hohen Temperaturen und Druckkr\u00e4ften stand halten k\u00f6nnen.<\/p>\n<p>Wenn die Elektrode richtig positioniert wurde, wird der Strom zugeschalten, der mit sehr hoher Leistung von einer Elektrode zur anderen flie\u00dft. Das Material wird dabei erhitzt und verfl\u00fcssigt, wodurch sich so beide Werkst\u00fccke verbinden.<\/p>\n<p>Je nach Material und Werkst\u00fcckdicke variiert die Zeitspanne, in der Strom durch die Werkst\u00fccke flie\u00dfen muss. Sind die Teile fest miteinander verbunden, werden die Elektroden entfernt, um den Vorgang am n\u00e4chsten Punkt zu wiederholen.<\/p>\n<p>Je nach Werkst\u00fcckgr\u00f6\u00dfe kann dieser Schweissvorgang beliebig oft wiederholt werden. So kann trotz der kleinen Schweisspunkte ein hohes Ma\u00df an Stabilit\u00e4t erreicht werden.<\/p>\n<p>Das Punktschweissen nutzt man im Allgemeinen in der Blechverarbeitung oder man f\u00fcgt zum Beispiel Stahlbleche im Karosserie- und Fahrzeugbau zusammen. Da durch Presskraft eine innige Verbindung der Schmelzen entsteht, k\u00f6nnen mit Einschr\u00e4nkungen auch nicht verschweissbare Rohstoffe verbunden werden. Bei Aluminium wird das Punktschweissen nur selten genutzt.<\/p>\n<p>Durch die Konzentration von hohem Druck auf eine relativ kleine Fl\u00e4che, binnen sehr kurzer Zeit und hohen Energien in Form elektrischen Stromes (bis zu 40.000 A), entsteht beim Punktschweissen eine sehr feste Verbindung. Beim Punktschweissen sind die Schweisssteuerung und Schweissparameter f\u00fcr die Haltbarkeit entscheidend. Diese Einflussgr\u00f6\u00dfen werden \u00fcber die Durchflussmenge und die Temperatur des K\u00fchlwassers -welche die Schweisselektrode k\u00fchlt-, die Oberfl\u00e4che des Werkst\u00fcckes, die Sorte und die St\u00e4rke der zu verbindenden Bauteile geregelt.<\/p>\n<p>&nbsp;<\/p>\n","protected":false},"excerpt":{"rendered":"<p>&nbsp; &nbsp; &nbsp; &nbsp; &nbsp; Punktschweissen Das Punktschweissen geh\u00f6rt zu den Verfahren des Widerstandsschweissens und ist eine Methode, bei dem kein Schutzgas zugef\u00fchrt werden muss. Die zu verbindenden Werkst\u00fccke werden im ersten Arbeitsschritt passgenau \u00fcbereinandergelegt. Zwei Elektroden pressen die beiden Werkst\u00fccke mechanisch zusammen und fixieren so die zu verschwei\u00dfenden Teile. Durch die Zuf\u00fchrung einer starken<br \/><a href=\"https:\/\/stw-engler.ch\/?page_id=295\" class=\"btn btn-primary readmore\">Read More<\/a><\/p>\n","protected":false},"author":1,"featured_media":0,"parent":309,"menu_order":0,"comment_status":"closed","ping_status":"closed","template":"page-full-width.php","meta":[],"_links":{"self":[{"href":"https:\/\/stw-engler.ch\/index.php?rest_route=\/wp\/v2\/pages\/295"}],"collection":[{"href":"https:\/\/stw-engler.ch\/index.php?rest_route=\/wp\/v2\/pages"}],"about":[{"href":"https:\/\/stw-engler.ch\/index.php?rest_route=\/wp\/v2\/types\/page"}],"author":[{"embeddable":true,"href":"https:\/\/stw-engler.ch\/index.php?rest_route=\/wp\/v2\/users\/1"}],"replies":[{"embeddable":true,"href":"https:\/\/stw-engler.ch\/index.php?rest_route=%2Fwp%2Fv2%2Fcomments&post=295"}],"version-history":[{"count":3,"href":"https:\/\/stw-engler.ch\/index.php?rest_route=\/wp\/v2\/pages\/295\/revisions"}],"predecessor-version":[{"id":317,"href":"https:\/\/stw-engler.ch\/index.php?rest_route=\/wp\/v2\/pages\/295\/revisions\/317"}],"up":[{"embeddable":true,"href":"https:\/\/stw-engler.ch\/index.php?rest_route=\/wp\/v2\/pages\/309"}],"wp:attachment":[{"href":"https:\/\/stw-engler.ch\/index.php?rest_route=%2Fwp%2Fv2%2Fmedia&parent=295"}],"curies":[{"name":"wp","href":"https:\/\/api.w.org\/{rel}","templated":true}]}}