{"id":292,"date":"2015-12-15T16:10:30","date_gmt":"2015-12-15T14:10:30","guid":{"rendered":"http:\/\/stw-engler.ch\/?page_id=292"},"modified":"2016-04-09T18:07:06","modified_gmt":"2016-04-09T16:07:06","slug":"292-2","status":"publish","type":"page","link":"https:\/\/stw-engler.ch\/?page_id=292","title":{"rendered":"Bolzenschweissen"},"content":{"rendered":"<p><a href=\"http:\/\/stw-engler.ch\/wp-content\/uploads\/2014\/06\/logo.jpg\" rel=\"attachment wp-att-11\"><img decoding=\"async\" loading=\"lazy\" class=\"size-full wp-image-11 alignleft\" src=\"http:\/\/stw-engler.ch\/wp-content\/uploads\/2014\/06\/logo.jpg\" alt=\"logo\" width=\"202\" height=\"202\" srcset=\"https:\/\/stw-engler.ch\/wp-content\/uploads\/2014\/06\/logo.jpg 202w, https:\/\/stw-engler.ch\/wp-content\/uploads\/2014\/06\/logo-150x150.jpg 150w\" sizes=\"(max-width: 202px) 100vw, 202px\" \/><\/a><\/p>\n<p>&nbsp;<\/p>\n<p>&nbsp;<\/p>\n<p>&nbsp;<\/p>\n<p>&nbsp;<\/p>\n<p>&nbsp;<\/p>\n<p>Bolzenschweissen<\/p>\n<p>Bolzenschweissen ist eine Sonderform des Lichtbogenschweissverfahrens und dient zur Herstellung von dauerhaften Verbindungen zwischen gro\u00dfen Werkst\u00fccken und Bolzen. Dieses Verfahren ist sehr zeitsparend, da der Lichtbogen direkt zwischen dem Werkst\u00fcck und dem Bolzen oder Stiften gez\u00fcndet wird, wobei die Lichtbogenein- und austrittsfl\u00e4chen aufgeschmolzen werden. Die beiden Metallteile werden im Zustand der Schmelze mit leichtem Druck zusammengef\u00fcgt und somit dauerhaft miteinander verbunden.<\/p>\n<p>Lichtbogenbolzenschweissen wird allgemein in Spitzenz\u00fcndungs\u2013 und Hubz\u00fcndungs<strong>&#8211; <\/strong>Bolzenschweissen unterteilt. Grundlegend sind beide Methoden identisch, unterscheiden sich lediglich nur in der Z\u00fcndungsart des Lichtbogens.<\/p>\n","protected":false},"excerpt":{"rendered":"<p>&nbsp; &nbsp; &nbsp; &nbsp; &nbsp; Bolzenschweissen Bolzenschweissen ist eine Sonderform des Lichtbogenschweissverfahrens und dient zur Herstellung von dauerhaften Verbindungen zwischen gro\u00dfen Werkst\u00fccken und Bolzen. Dieses Verfahren ist sehr zeitsparend, da der Lichtbogen direkt zwischen dem Werkst\u00fcck und dem Bolzen oder Stiften gez\u00fcndet wird, wobei die Lichtbogenein- und austrittsfl\u00e4chen aufgeschmolzen werden. Die beiden Metallteile werden im<br \/><a href=\"https:\/\/stw-engler.ch\/?page_id=292\" class=\"btn btn-primary readmore\">Read More<\/a><\/p>\n","protected":false},"author":1,"featured_media":0,"parent":309,"menu_order":0,"comment_status":"closed","ping_status":"closed","template":"page-full-width.php","meta":[],"_links":{"self":[{"href":"https:\/\/stw-engler.ch\/index.php?rest_route=\/wp\/v2\/pages\/292"}],"collection":[{"href":"https:\/\/stw-engler.ch\/index.php?rest_route=\/wp\/v2\/pages"}],"about":[{"href":"https:\/\/stw-engler.ch\/index.php?rest_route=\/wp\/v2\/types\/page"}],"author":[{"embeddable":true,"href":"https:\/\/stw-engler.ch\/index.php?rest_route=\/wp\/v2\/users\/1"}],"replies":[{"embeddable":true,"href":"https:\/\/stw-engler.ch\/index.php?rest_route=%2Fwp%2Fv2%2Fcomments&post=292"}],"version-history":[{"count":3,"href":"https:\/\/stw-engler.ch\/index.php?rest_route=\/wp\/v2\/pages\/292\/revisions"}],"predecessor-version":[{"id":314,"href":"https:\/\/stw-engler.ch\/index.php?rest_route=\/wp\/v2\/pages\/292\/revisions\/314"}],"up":[{"embeddable":true,"href":"https:\/\/stw-engler.ch\/index.php?rest_route=\/wp\/v2\/pages\/309"}],"wp:attachment":[{"href":"https:\/\/stw-engler.ch\/index.php?rest_route=%2Fwp%2Fv2%2Fmedia&parent=292"}],"curies":[{"name":"wp","href":"https:\/\/api.w.org\/{rel}","templated":true}]}}