{"id":288,"date":"2015-12-15T16:02:00","date_gmt":"2015-12-15T14:02:00","guid":{"rendered":"http:\/\/stw-engler.ch\/?page_id=288"},"modified":"2016-04-09T18:07:28","modified_gmt":"2016-04-09T16:07:28","slug":"mag-metall-aktivgas-schweissen","status":"publish","type":"page","link":"https:\/\/stw-engler.ch\/?page_id=288","title":{"rendered":"Metall-Aktivgas-Schweissen"},"content":{"rendered":"<h2 class=\"animation animated-item-2\"><a href=\"http:\/\/stw-engler.ch\/wp-content\/uploads\/2014\/06\/logo.jpg\" rel=\"attachment wp-att-11\"><img decoding=\"async\" loading=\"lazy\" class=\"size-full wp-image-11 alignleft\" src=\"http:\/\/stw-engler.ch\/wp-content\/uploads\/2014\/06\/logo.jpg\" alt=\"logo\" width=\"202\" height=\"202\" srcset=\"https:\/\/stw-engler.ch\/wp-content\/uploads\/2014\/06\/logo.jpg 202w, https:\/\/stw-engler.ch\/wp-content\/uploads\/2014\/06\/logo-150x150.jpg 150w\" sizes=\"(max-width: 202px) 100vw, 202px\" \/><\/a><\/h2>\n<h2 class=\"animation animated-item-2\"><\/h2>\n<h2 class=\"animation animated-item-2\"><\/h2>\n<h2 class=\"animation animated-item-2\"><\/h2>\n<h2 class=\"animation animated-item-2\"><\/h2>\n<h2 class=\"animation animated-item-2\">MAG Metall-Aktivgas-Schweissen<\/h2>\n<p>Das teilmechanische Metallschutzgasschweissen (MSG), wahlweise als MIG (Metallschweissen mit inerten Gasen, EN ISO 4063: Prozess 131) oder MAG-Schweissen (Metallschweissen mit aktiven Gasen, EN ISO 4063: Prozess 135), ist ein Lichtbogenschweissverfahren, bei dem der abschmelzende Schweissdraht von einem Motor mit ver\u00e4nderbarer Geschwindigkeit kontinuierlich nachgef\u00fchrt wird. Die gebr\u00e4uchlichen Schweissdrahtdurchmesser liegen zwischen 0,8 und 1,2 mm (seltener 1,6 mm). Gleichzeitig mit dem Drahtvorschub wird der Schweissstelle \u00fcber eine D\u00fcse das Schutz- oder Mischgas mit ca. 10 l\/min (Faustformel: Schutzgas-Volumenstrom 10 l\/min pro mm Schweissdrahtdurchmesser) zugef\u00fchrt. Dieses Gas sch\u00fctzt das fl\u00fcssige Metall unter dem Lichtbogen vor Oxidation, welche die Schweissnaht schw\u00e4chen w\u00fcrde. Beim Metallaktivgasschweissen (MAG) wird entweder mit reinem CO2 oder einem Mischgas aus Argon und geringen Anteilen CO2 und O2 gearbeitet. Je nach ihrer Zusammensetzung kann der Schweissprozess (Einbrand, Tropfengr\u00f6\u00dfe, Spitzerverluste) beeinflusst werden; beim Metallinertgasschweissen (MIG) wird als Edelgas Argon, seltener auch das teure Edelgas Helium, verwendet. Das MAG-Verfahren wird in erster Linie bei un- und niedriglegierten St\u00e4hlen eingesetzt, das MIG-Verfahren bevorzugt bei hochlegierten St\u00e4hlen und Aluminiumlegierung.<\/p>\n<p>Wahlweise k\u00f6nnen beim Metallschutzgasschweissen auch F\u00fclldr\u00e4hte, auch R\u00f6hrchendr\u00e4hte genannt, eingesetzt werden (mit Aktivgasschweissen EN ISO 4063: Prozess 136, mit Inertgas EN ISO 4063: Prozess 137). Diese sind im Inneren mit einem Schlackebildner und ggf. Legierungszus\u00e4tzen versehen. Sie dienen dem gleichen Zweck wie die Umh\u00fcllungen der Stabelektrode. Einerseits tragen die Inhaltsstoffe zum Schweissvolumen bei, andererseits bilden sie eine Schlacke auf der Schweissraupe und sch\u00fctzen die Naht vor Oxidation. Letzteres ist vor allem bei dem Schweissen von Edelst\u00e4hlen wichtig, da die Oxidation, das \u201eAnlaufen der Naht\u201c auch nach dem Weiterf\u00fchren des Brenners und damit dem Weiterf\u00fchren der Schutzgasglocke verhindert werden muss.<\/p>\n<p>&nbsp;<\/p>\n","protected":false},"excerpt":{"rendered":"<p>MAG Metall-Aktivgas-Schweissen Das teilmechanische Metallschutzgasschweissen (MSG), wahlweise als MIG (Metallschweissen mit inerten Gasen, EN ISO 4063: Prozess 131) oder MAG-Schweissen (Metallschweissen mit aktiven Gasen, EN ISO 4063: Prozess 135), ist ein Lichtbogenschweissverfahren, bei dem der abschmelzende Schweissdraht von einem Motor mit ver\u00e4nderbarer Geschwindigkeit kontinuierlich nachgef\u00fchrt wird. Die gebr\u00e4uchlichen Schweissdrahtdurchmesser liegen zwischen 0,8 und 1,2 mm<br \/><a href=\"https:\/\/stw-engler.ch\/?page_id=288\" class=\"btn btn-primary readmore\">Read More<\/a><\/p>\n","protected":false},"author":1,"featured_media":0,"parent":309,"menu_order":0,"comment_status":"closed","ping_status":"closed","template":"page-full-width.php","meta":[],"_links":{"self":[{"href":"https:\/\/stw-engler.ch\/index.php?rest_route=\/wp\/v2\/pages\/288"}],"collection":[{"href":"https:\/\/stw-engler.ch\/index.php?rest_route=\/wp\/v2\/pages"}],"about":[{"href":"https:\/\/stw-engler.ch\/index.php?rest_route=\/wp\/v2\/types\/page"}],"author":[{"embeddable":true,"href":"https:\/\/stw-engler.ch\/index.php?rest_route=\/wp\/v2\/users\/1"}],"replies":[{"embeddable":true,"href":"https:\/\/stw-engler.ch\/index.php?rest_route=%2Fwp%2Fv2%2Fcomments&post=288"}],"version-history":[{"count":5,"href":"https:\/\/stw-engler.ch\/index.php?rest_route=\/wp\/v2\/pages\/288\/revisions"}],"predecessor-version":[{"id":332,"href":"https:\/\/stw-engler.ch\/index.php?rest_route=\/wp\/v2\/pages\/288\/revisions\/332"}],"up":[{"embeddable":true,"href":"https:\/\/stw-engler.ch\/index.php?rest_route=\/wp\/v2\/pages\/309"}],"wp:attachment":[{"href":"https:\/\/stw-engler.ch\/index.php?rest_route=%2Fwp%2Fv2%2Fmedia&parent=288"}],"curies":[{"name":"wp","href":"https:\/\/api.w.org\/{rel}","templated":true}]}}